{"id":1324,"date":"2023-10-02T15:48:50","date_gmt":"2023-10-02T13:48:50","guid":{"rendered":"https:\/\/dev.lightmap.one\/?page_id=1324"},"modified":"2023-12-22T13:26:17","modified_gmt":"2023-12-22T12:26:17","slug":"downloads","status":"publish","type":"page","link":"https:\/\/lightmap.one\/de\/downloads\/","title":{"rendered":"Demoversion"},"content":{"rendered":"\t\t<div data-elementor-type=\"wp-page\" data-elementor-id=\"1324\" class=\"elementor elementor-1324\">\n\t\t\t\t\t\t<section class=\"elementor-section elementor-top-section elementor-element elementor-element-0689345 elementor-section-height-min-height elementor-section-boxed elementor-section-height-default elementor-section-items-middle exad-glass-effect-no exad-sticky-section-no\" data-id=\"0689345\" data-element_type=\"section\">\n\t\t\t\t\t\t<div class=\"elementor-container elementor-column-gap-default\">\n\t\t\t\t\t<div class=\"elementor-column elementor-col-100 elementor-top-column elementor-element elementor-element-05a7c60 exad-glass-effect-no exad-sticky-section-no\" data-id=\"05a7c60\" data-element_type=\"column\">\n\t\t\t<div class=\"elementor-widget-wrap elementor-element-populated\">\n\t\t\t\t\t\t<div class=\"elementor-element elementor-element-1286759 exad-sticky-section-no exad-glass-effect-no elementor-widget elementor-widget-exad-animated-text\" data-id=\"1286759\" data-element_type=\"widget\" data-widget_type=\"exad-animated-text.default\">\n\t\t\t\t<div class=\"elementor-widget-container\">\n\t\t\t\t\t\r\n\t\t<div class=\"exad-animated-text exad-animated-text-align-center\">\r\n\r\n\t\t\t\r\n\t\t\t<h3 class=\"exad-typed-strings\" data-type_string=\"[&quot;Solution&quot;,&quot; Future&quot;,&quot; Stage&quot;,&quot; LightMap&quot;]\" data-heading_animation=\"exad-typed-animation\" data-type_speed=\"60\" data-back_type_speed=\"60\" data-loop=\"yes\" data-show_cursor=\"yes\" data-fade_out=\"yes\" data-smart_backspace=\"yes\" data-start_delay=\"1000\" data-back_delay=\"1000\">\r\n\r\n\t\t\t\t\t\t\t\t\r\n\t\t\t\t<span class=\"exad-animated-text-pre-heading\">\r\n\t\t\t\t\tThis is the\t\t\t\t<\/span>\r\n\t\t\t\t\r\n\t\t\t\t<span id=\"exad-animated-text-194\" class=\"exad-animated-text-animated-heading\"><\/span>\t\t\t\t\r\n\t\t\t\t<span class=\"exad-animated-text-post-heading\">\r\n\t\t\t\t\tFor You.\t\t\t\t<\/span>\r\n\t\t\t\t\r\n\t\t\t<\/h3>\r\n\r\n\t\t\t\r\n\t\t<\/div>\r\n\t\t\t\t\t<\/div>\n\t\t\t\t<\/div>\n\t\t\t\t\t<\/div>\n\t\t<\/div>\n\t\t\t\t\t<\/div>\n\t\t<\/section>\n\t\t\t\t<section class=\"elementor-section elementor-top-section elementor-element elementor-element-ef7234c elementor-section-boxed elementor-section-height-default elementor-section-height-default exad-glass-effect-no exad-sticky-section-no\" data-id=\"ef7234c\" data-element_type=\"section\">\n\t\t\t\t\t\t<div class=\"elementor-container elementor-column-gap-default\">\n\t\t\t\t\t<div class=\"elementor-column elementor-col-100 elementor-top-column elementor-element elementor-element-c503ab5 exad-glass-effect-no exad-sticky-section-no\" data-id=\"c503ab5\" data-element_type=\"column\">\n\t\t\t<div class=\"elementor-widget-wrap elementor-element-populated\">\n\t\t\t\t\t\t<div class=\"elementor-element elementor-element-e128002 exad-sticky-section-no exad-glass-effect-no elementor-widget elementor-widget-text-editor\" data-id=\"e128002\" data-element_type=\"widget\" data-widget_type=\"text-editor.default\">\n\t\t\t\t<div class=\"elementor-widget-container\">\n\t\t\t\t\t\t\t\t\t<h4 style=\"text-align: center;\">Vielen Dank f\u00fcr dein Interesse an unserer Software!<\/h4><h4 style=\"text-align: center;\">Du kannst eine Gratis Testversion herunterladen, um unsere Produktfunktionen auszuprobieren.<\/h4><p style=\"text-align: center;\">Nach der Best\u00e4tigung erh\u00e4ltst du einen Link oder eine Schaltfl\u00e4che, um den Download der Demoversion zu starten. Klicke darauf, um den Download zu initiieren.<\/p>\t\t\t\t\t\t\t\t<\/div>\n\t\t\t\t<\/div>\n\t\t\t\t\t<\/div>\n\t\t<\/div>\n\t\t\t\t\t<\/div>\n\t\t<\/section>\n\t\t\t\t<section class=\"elementor-section elementor-top-section elementor-element elementor-element-298b624 elementor-section-boxed elementor-section-height-default elementor-section-height-default exad-glass-effect-no exad-sticky-section-no\" data-id=\"298b624\" data-element_type=\"section\">\n\t\t\t\t\t\t<div class=\"elementor-container elementor-column-gap-default\">\n\t\t\t\t\t<div class=\"elementor-column elementor-col-100 elementor-top-column elementor-element elementor-element-eb40fd3 exad-glass-effect-no exad-sticky-section-no\" data-id=\"eb40fd3\" data-element_type=\"column\">\n\t\t\t<div class=\"elementor-widget-wrap elementor-element-populated\">\n\t\t\t\t\t\t<div class=\"elementor-element elementor-element-8eb03d2 eael-contact-form-7-button-align-left eael-contact-form-7-button-custom exad-sticky-section-no exad-glass-effect-no elementor-widget elementor-widget-eael-contact-form-7\" data-id=\"8eb03d2\" data-element_type=\"widget\" data-widget_type=\"eael-contact-form-7.default\">\n\t\t\t\t<div class=\"elementor-widget-container\">\n\t\t\t\t\t<div class=\"eael-contact-form-7-wrapper\">\n                <div class=\"eael-contact-form eael-contact-form-7 eael-contact-form-8eb03d2 placeholder-show eael-contact-form-align-default\">\n<div class=\"wpcf7 no-js\" id=\"wpcf7-f1758-o1\" lang=\"de-DE\" dir=\"ltr\" data-wpcf7-id=\"1758\">\n<div class=\"screen-reader-response\"><p role=\"status\" aria-live=\"polite\" aria-atomic=\"true\"><\/p> <ul><\/ul><\/div>\n<form action=\"\/de\/wp-json\/wp\/v2\/pages\/1324#wpcf7-f1758-o1\" method=\"post\" class=\"wpcf7-form init\" aria-label=\"Kontaktformular\" novalidate=\"novalidate\" data-status=\"init\">\n<fieldset class=\"hidden-fields-container\"><input type=\"hidden\" name=\"_wpcf7\" value=\"1758\" \/><input type=\"hidden\" name=\"_wpcf7_version\" value=\"6.1.1\" \/><input type=\"hidden\" name=\"_wpcf7_locale\" value=\"de_DE\" \/><input type=\"hidden\" name=\"_wpcf7_unit_tag\" value=\"wpcf7-f1758-o1\" \/><input type=\"hidden\" name=\"_wpcf7_container_post\" value=\"0\" \/><input type=\"hidden\" name=\"_wpcf7_posted_data_hash\" value=\"\" \/><input type=\"hidden\" name=\"_wpcf7_recaptcha_response\" value=\"\" \/>\n<\/fieldset>\n<p><label> Dein Name*<br \/>\n<span class=\"wpcf7-form-control-wrap\" data-name=\"your-name\"><input size=\"40\" maxlength=\"400\" class=\"wpcf7-form-control wpcf7-text wpcf7-validates-as-required\" autocomplete=\"name\" aria-required=\"true\" aria-invalid=\"false\" value=\"\" type=\"text\" name=\"your-name\" \/><\/span> <\/label>\n<\/p>\n<p><label> Deine E-Mail-Adresse*<br \/>\n<span class=\"wpcf7-form-control-wrap\" data-name=\"your-email\"><input size=\"40\" maxlength=\"400\" class=\"wpcf7-form-control wpcf7-email wpcf7-validates-as-required wpcf7-text wpcf7-validates-as-email\" autocomplete=\"email\" aria-required=\"true\" aria-invalid=\"false\" value=\"\" type=\"email\" name=\"your-email\" \/><\/span> <\/label><br \/>\n<span class=\"wpcf7-form-control-wrap\" data-name=\"acceptance\"><span class=\"wpcf7-form-control wpcf7-acceptance\"><span class=\"wpcf7-list-item\"><label><input type=\"checkbox\" name=\"acceptance\" value=\"1\" aria-invalid=\"false\" \/><span class=\"wpcf7-list-item-label\">* \n\nIch habe die <a href=\"https:\/\/lightmap.one\/de\/privacy-policy\/\" target=\"_blank\">Datenschutzbedingungen<\/a> zur Kenntnis genommen. Ich stimme zu, dass meine Angaben und Daten meiner Anfrage elektronisch erhoben und gespeichert werden. Hinweis: Sie k\u00f6nnen Ihre Einwilligung jederzeit per E-Mail widerrufen. Mit (*) markierte Felder sind Pflichtfelder.<\/span><\/label><\/span><\/span><\/span><br \/>\n<input class=\"wpcf7-form-control wpcf7-submit has-spinner\" type=\"submit\" value=\"Absenden\" \/>\n<\/p><p style=\"display: none !important;\" class=\"akismet-fields-container\" data-prefix=\"_wpcf7_ak_\"><label>&#916;<textarea name=\"_wpcf7_ak_hp_textarea\" cols=\"45\" rows=\"8\" maxlength=\"100\"><\/textarea><\/label><input type=\"hidden\" id=\"ak_js_1\" name=\"_wpcf7_ak_js\" value=\"230\"\/><script>document.getElementById( \"ak_js_1\" ).setAttribute( \"value\", ( new Date() ).getTime() );<\/script><\/p><div class=\"wpcf7-response-output\" aria-hidden=\"true\"><\/div>\n<\/form>\n<\/div>\n<\/div>\n            <\/div>\t\t\t\t<\/div>\n\t\t\t\t<\/div>\n\t\t\t\t\t<\/div>\n\t\t<\/div>\n\t\t\t\t\t<\/div>\n\t\t<\/section>\n\t\t\t\t<\/div>\n\t\t","protected":false},"excerpt":{"rendered":"<p>This is theFor You. Vielen Dank f\u00fcr dein Interesse an unserer Software! Du kannst eine Gratis Testversion herunterladen, um unsere Produktfunktionen auszuprobieren. Nach der Best\u00e4tigung erh\u00e4ltst du einen Link oder eine Schaltfl\u00e4che, um den Download der Demoversion zu starten. Klicke darauf, um den Download zu initiieren. Dein Name* Deine E-Mail-Adresse* * Ich habe die Datenschutzbedingungen &hellip;<\/p>\n<p class=\"read-more\"> <a class=\"\" href=\"https:\/\/lightmap.one\/de\/downloads\/\"> <span class=\"screen-reader-text\">Demoversion<\/span> Weiterlesen &raquo;<\/a><\/p>\n","protected":false},"author":1,"featured_media":0,"parent":0,"menu_order":0,"comment_status":"closed","ping_status":"closed","template":"elementor_header_footer","meta":{"_eb_attr":"","site-sidebar-layout":"default","site-content-layout":"","ast-site-content-layout":"","site-content-style":"default","site-sidebar-style":"default","ast-global-header-display":"","ast-banner-title-visibility":"","ast-main-header-display":"","ast-hfb-above-header-display":"","ast-hfb-below-header-display":"","ast-hfb-mobile-header-display":"","site-post-title":"","ast-breadcrumbs-content":"","ast-featured-img":"","footer-sml-layout":"","theme-transparent-header-meta":"","adv-header-id-meta":"","stick-header-meta":"","header-above-stick-meta":"","header-main-stick-meta":"","header-below-stick-meta":"","astra-migrate-meta-layouts":"","footnotes":""},"class_list":["post-1324","page","type-page","status-publish","hentry"],"yoast_head":"<!-- This site is optimized with the Yoast SEO plugin v25.8 - https:\/\/yoast.com\/wordpress\/plugins\/seo\/ -->\n<title>Demoversion - LightMap<\/title>\n<meta name=\"robots\" content=\"index, follow, max-snippet:-1, max-image-preview:large, max-video-preview:-1\" \/>\n<link rel=\"canonical\" href=\"https:\/\/lightmap.one\/de\/downloads\/\" \/>\n<meta property=\"og:locale\" content=\"de_DE\" \/>\n<meta property=\"og:type\" content=\"article\" \/>\n<meta property=\"og:title\" content=\"Demoversion - LightMap\" \/>\n<meta property=\"og:description\" content=\"This is theFor You. Vielen Dank f\u00fcr dein Interesse an unserer Software! Du kannst eine Gratis Testversion herunterladen, um unsere Produktfunktionen auszuprobieren. Nach der Best\u00e4tigung erh\u00e4ltst du einen Link oder eine Schaltfl\u00e4che, um den Download der Demoversion zu starten. Klicke darauf, um den Download zu initiieren. Dein Name* Deine E-Mail-Adresse* * Ich habe die Datenschutzbedingungen &hellip; Demoversion Weiterlesen &raquo;\" \/>\n<meta property=\"og:url\" content=\"https:\/\/lightmap.one\/de\/downloads\/\" \/>\n<meta property=\"og:site_name\" content=\"LightMap\" \/>\n<meta property=\"article:modified_time\" content=\"2023-12-22T12:26:17+00:00\" \/>\n<meta name=\"twitter:card\" content=\"summary_large_image\" \/>\n<meta name=\"twitter:label1\" content=\"Gesch\u00e4tzte Lesezeit\" \/>\n\t<meta name=\"twitter:data1\" content=\"1\u00a0Minute\" \/>\n<script type=\"application\/ld+json\" class=\"yoast-schema-graph\">{\"@context\":\"https:\/\/schema.org\",\"@graph\":[{\"@type\":\"WebPage\",\"@id\":\"https:\/\/lightmap.one\/de\/downloads\/\",\"url\":\"https:\/\/lightmap.one\/de\/downloads\/\",\"name\":\"Demoversion - LightMap\",\"isPartOf\":{\"@id\":\"https:\/\/lightmap.one\/de\/#website\"},\"datePublished\":\"2023-10-02T13:48:50+00:00\",\"dateModified\":\"2023-12-22T12:26:17+00:00\",\"breadcrumb\":{\"@id\":\"https:\/\/lightmap.one\/de\/downloads\/#breadcrumb\"},\"inLanguage\":\"de\",\"potentialAction\":[{\"@type\":\"ReadAction\",\"target\":[\"https:\/\/lightmap.one\/de\/downloads\/\"]}]},{\"@type\":\"BreadcrumbList\",\"@id\":\"https:\/\/lightmap.one\/de\/downloads\/#breadcrumb\",\"itemListElement\":[{\"@type\":\"ListItem\",\"position\":1,\"name\":\"Home\",\"item\":\"https:\/\/lightmap.one\/de\/\"},{\"@type\":\"ListItem\",\"position\":2,\"name\":\"Demoversion\"}]},{\"@type\":\"WebSite\",\"@id\":\"https:\/\/lightmap.one\/de\/#website\",\"url\":\"https:\/\/lightmap.one\/de\/\",\"name\":\"LightMap\",\"description\":\"by media &amp; studio systems\",\"publisher\":{\"@id\":\"https:\/\/lightmap.one\/de\/#organization\"},\"potentialAction\":[{\"@type\":\"SearchAction\",\"target\":{\"@type\":\"EntryPoint\",\"urlTemplate\":\"https:\/\/lightmap.one\/de\/?s={search_term_string}\"},\"query-input\":{\"@type\":\"PropertyValueSpecification\",\"valueRequired\":true,\"valueName\":\"search_term_string\"}}],\"inLanguage\":\"de\"},{\"@type\":\"Organization\",\"@id\":\"https:\/\/lightmap.one\/de\/#organization\",\"name\":\"Jan H\u00f6lscher - Media & Studio Systems\",\"url\":\"https:\/\/lightmap.one\/de\/\",\"logo\":{\"@type\":\"ImageObject\",\"inLanguage\":\"de\",\"@id\":\"https:\/\/lightmap.one\/de\/#\/schema\/logo\/image\/\",\"url\":\"https:\/\/lightmap.one\/wp-content\/uploads\/2021\/07\/cropped-IMG_2343.jpeg\",\"contentUrl\":\"https:\/\/lightmap.one\/wp-content\/uploads\/2021\/07\/cropped-IMG_2343.jpeg\",\"width\":517,\"height\":345,\"caption\":\"Jan H\u00f6lscher - Media & Studio Systems\"},\"image\":{\"@id\":\"https:\/\/lightmap.one\/de\/#\/schema\/logo\/image\/\"}}]}<\/script>\n<!-- \/ Yoast SEO plugin. -->","yoast_head_json":{"title":"Demoversion - LightMap","robots":{"index":"index","follow":"follow","max-snippet":"max-snippet:-1","max-image-preview":"max-image-preview:large","max-video-preview":"max-video-preview:-1"},"canonical":"https:\/\/lightmap.one\/de\/downloads\/","og_locale":"de_DE","og_type":"article","og_title":"Demoversion - LightMap","og_description":"This is theFor You. Vielen Dank f\u00fcr dein Interesse an unserer Software! Du kannst eine Gratis Testversion herunterladen, um unsere Produktfunktionen auszuprobieren. Nach der Best\u00e4tigung erh\u00e4ltst du einen Link oder eine Schaltfl\u00e4che, um den Download der Demoversion zu starten. Klicke darauf, um den Download zu initiieren. Dein Name* Deine E-Mail-Adresse* * Ich habe die Datenschutzbedingungen &hellip; Demoversion Weiterlesen &raquo;","og_url":"https:\/\/lightmap.one\/de\/downloads\/","og_site_name":"LightMap","article_modified_time":"2023-12-22T12:26:17+00:00","twitter_card":"summary_large_image","twitter_misc":{"Gesch\u00e4tzte Lesezeit":"1\u00a0Minute"},"schema":{"@context":"https:\/\/schema.org","@graph":[{"@type":"WebPage","@id":"https:\/\/lightmap.one\/de\/downloads\/","url":"https:\/\/lightmap.one\/de\/downloads\/","name":"Demoversion - LightMap","isPartOf":{"@id":"https:\/\/lightmap.one\/de\/#website"},"datePublished":"2023-10-02T13:48:50+00:00","dateModified":"2023-12-22T12:26:17+00:00","breadcrumb":{"@id":"https:\/\/lightmap.one\/de\/downloads\/#breadcrumb"},"inLanguage":"de","potentialAction":[{"@type":"ReadAction","target":["https:\/\/lightmap.one\/de\/downloads\/"]}]},{"@type":"BreadcrumbList","@id":"https:\/\/lightmap.one\/de\/downloads\/#breadcrumb","itemListElement":[{"@type":"ListItem","position":1,"name":"Home","item":"https:\/\/lightmap.one\/de\/"},{"@type":"ListItem","position":2,"name":"Demoversion"}]},{"@type":"WebSite","@id":"https:\/\/lightmap.one\/de\/#website","url":"https:\/\/lightmap.one\/de\/","name":"LightMap","description":"by media &amp; studio systems","publisher":{"@id":"https:\/\/lightmap.one\/de\/#organization"},"potentialAction":[{"@type":"SearchAction","target":{"@type":"EntryPoint","urlTemplate":"https:\/\/lightmap.one\/de\/?s={search_term_string}"},"query-input":{"@type":"PropertyValueSpecification","valueRequired":true,"valueName":"search_term_string"}}],"inLanguage":"de"},{"@type":"Organization","@id":"https:\/\/lightmap.one\/de\/#organization","name":"Jan H\u00f6lscher - Media & Studio Systems","url":"https:\/\/lightmap.one\/de\/","logo":{"@type":"ImageObject","inLanguage":"de","@id":"https:\/\/lightmap.one\/de\/#\/schema\/logo\/image\/","url":"https:\/\/lightmap.one\/wp-content\/uploads\/2021\/07\/cropped-IMG_2343.jpeg","contentUrl":"https:\/\/lightmap.one\/wp-content\/uploads\/2021\/07\/cropped-IMG_2343.jpeg","width":517,"height":345,"caption":"Jan H\u00f6lscher - Media & Studio Systems"},"image":{"@id":"https:\/\/lightmap.one\/de\/#\/schema\/logo\/image\/"}}]}},"jetpack_sharing_enabled":true,"_links":{"self":[{"href":"https:\/\/lightmap.one\/de\/wp-json\/wp\/v2\/pages\/1324","targetHints":{"allow":["GET"]}}],"collection":[{"href":"https:\/\/lightmap.one\/de\/wp-json\/wp\/v2\/pages"}],"about":[{"href":"https:\/\/lightmap.one\/de\/wp-json\/wp\/v2\/types\/page"}],"author":[{"embeddable":true,"href":"https:\/\/lightmap.one\/de\/wp-json\/wp\/v2\/users\/1"}],"replies":[{"embeddable":true,"href":"https:\/\/lightmap.one\/de\/wp-json\/wp\/v2\/comments?post=1324"}],"version-history":[{"count":46,"href":"https:\/\/lightmap.one\/de\/wp-json\/wp\/v2\/pages\/1324\/revisions"}],"predecessor-version":[{"id":2028,"href":"https:\/\/lightmap.one\/de\/wp-json\/wp\/v2\/pages\/1324\/revisions\/2028"}],"wp:attachment":[{"href":"https:\/\/lightmap.one\/de\/wp-json\/wp\/v2\/media?parent=1324"}],"curies":[{"name":"wp","href":"https:\/\/api.w.org\/{rel}","templated":true}]}}