{"id":1542,"date":"2025-05-03T18:10:08","date_gmt":"2025-05-03T16:10:08","guid":{"rendered":"https:\/\/lightmap.one\/?page_id=1542"},"modified":"2025-07-04T17:30:55","modified_gmt":"2025-07-04T15:30:55","slug":"blog","status":"publish","type":"page","link":"https:\/\/lightmap.one\/de\/blog\/","title":{"rendered":"Blog"},"content":{"rendered":"\t\t<div data-elementor-type=\"wp-page\" data-elementor-id=\"1542\" class=\"elementor elementor-1542\">\n\t\t\t\t\t\t<section class=\"elementor-section elementor-top-section elementor-element elementor-element-84633e0 elementor-section-boxed elementor-section-height-default elementor-section-height-default exad-glass-effect-no exad-sticky-section-no\" data-id=\"84633e0\" data-element_type=\"section\">\n\t\t\t\t\t\t<div class=\"elementor-container elementor-column-gap-default\">\n\t\t\t\t\t<div class=\"elementor-column elementor-col-100 elementor-top-column elementor-element elementor-element-55c502c exad-glass-effect-no exad-sticky-section-no\" data-id=\"55c502c\" data-element_type=\"column\">\n\t\t\t<div class=\"elementor-widget-wrap elementor-element-populated\">\n\t\t\t\t\t\t<div class=\"elementor-element elementor-element-e0b3c46 exad-sticky-section-no exad-glass-effect-no elementor-widget elementor-widget-eael-post-timeline\" data-id=\"e0b3c46\" data-element_type=\"widget\" data-widget_type=\"eael-post-timeline.default\">\n\t\t\t\t<div class=\"elementor-widget-container\">\n\t\t\t\t\t<div id=\"eael-post-timeline-e0b3c46\" class=\"eael-post-timeline timeline-layout-default eael-post-timeline-arrow-\">\n            <div class=\"eael-post-timeline eael-post-appender eael-post-appender-e0b3c46\"><article class=\"eael-timeline-post eael-timeline-column\">\n    <div class=\"eael-timeline-bullet\"><\/div>\n    <div class=\"eael-timeline-post-inner\">\n        <a class=\"eael-timeline-post-link\" href=\"https:\/\/lightmap.one\/de\/2025\/09\/01\/eventprojektion-bei-rock-am-rathaus-in-lengerich\/\" title=\"Eventprojektion bei \u201eRock am Rathaus\u201c in Lengerich\">\n            <time datetime=\"1. September 2025\">1. September 2025<\/time>\n            <div class=\"eael-timeline-post-image  attachment-medium_large size-medium_large\" style=\"background-image: url(https:\/\/lightmap.one\/wp-content\/uploads\/2025\/09\/IMG_5454-768x576.jpeg);\"><\/div><div class=\"eael-timeline-post-excerpt\"><p>Bei der diesj\u00e4hrigen Konzertreihe \u201eRock am Rathaus\u201c in Lengerich durften...mehr<\/p><\/div><div class=\"eael-timeline-post-title\">\n                    <h2 class=\"eael-timeline-post-title-text\">Eventprojektion bei \u201eRock am Rathaus\u201c in Lengerich<\/h2>\n                <\/div><\/a>\n    <\/div>\n<\/article><article class=\"eael-timeline-post eael-timeline-column\">\n    <div class=\"eael-timeline-bullet\"><\/div>\n    <div class=\"eael-timeline-post-inner\">\n        <a class=\"eael-timeline-post-link\" href=\"https:\/\/lightmap.one\/de\/2025\/07\/04\/wie-lightmap-deine-kirche-mit-bibelvers-anzeige-und-livetranskription-unterstuetzt\/\" title=\"Wie LightMap deine Kirche mit Bibelvers-Anzeige und Livetranskription unterst\u00fctzt\">\n            <time datetime=\"4. Juli 2025\">4. Juli 2025<\/time>\n            <div class=\"eael-timeline-post-image  attachment-medium_large size-medium_large\" style=\"background-image: url(https:\/\/lightmap.one\/wp-content\/uploads\/2025\/07\/Image-4.-Juli-2025-17_24_31-768x768.webp);\"><\/div><div class=\"eael-timeline-post-excerpt\"><p>In der digitalen Welt von heute w\u00e4chst auch in Kirchen...mehr<\/p><\/div><div class=\"eael-timeline-post-title\">\n                    <h2 class=\"eael-timeline-post-title-text\">Wie LightMap deine Kirche mit Bibelvers-Anzeige und Livetranskription unterst\u00fctzt<\/h2>\n                <\/div><\/a>\n    <\/div>\n<\/article><article class=\"eael-timeline-post eael-timeline-column\">\n    <div class=\"eael-timeline-bullet\"><\/div>\n    <div class=\"eael-timeline-post-inner\">\n        <a class=\"eael-timeline-post-link\" href=\"https:\/\/lightmap.one\/de\/2025\/06\/09\/volle-kontrolle-von-ueberall-wie-lightmap-dich-mit-remote-control-bei-deiner-veranstaltung-unterstuetzt\/\" title=\"Volle Kontrolle von \u00fcberall: Wie Lightmap dich mit Remote Control bei deiner Veranstaltung unterst\u00fctzt\">\n            <time datetime=\"9. Juni 2025\">9. Juni 2025<\/time>\n            <div class=\"eael-timeline-post-image  attachment-medium_large size-medium_large\" style=\"background-image: url(https:\/\/lightmap.one\/wp-content\/uploads\/2025\/06\/Image-2.-Juni-2025-16_23_29-768x768.png);\"><\/div><div class=\"eael-timeline-post-excerpt\"><p>Events sind hektisch. Technik l\u00e4uft nicht immer wie geplant. Und...mehr<\/p><\/div><div class=\"eael-timeline-post-title\">\n                    <h2 class=\"eael-timeline-post-title-text\">Volle Kontrolle von \u00fcberall: Wie Lightmap dich mit Remote Control bei deiner Veranstaltung unterst\u00fctzt<\/h2>\n                <\/div><\/a>\n    <\/div>\n<\/article><article class=\"eael-timeline-post eael-timeline-column\">\n    <div class=\"eael-timeline-bullet\"><\/div>\n    <div class=\"eael-timeline-post-inner\">\n        <a class=\"eael-timeline-post-link\" href=\"https:\/\/lightmap.one\/de\/2025\/06\/02\/wie-lightmap-dein-event-mit-live-untertiteln-inklusiver-macht\/\" title=\"Wie Lightmap dein Event mit Live-Untertiteln inklusiver macht\">\n            <time datetime=\"2. Juni 2025\">2. Juni 2025<\/time>\n            <div class=\"eael-timeline-post-image  attachment-medium_large size-medium_large\" style=\"background-image: url(https:\/\/lightmap.one\/wp-content\/uploads\/2025\/06\/ChatGPT-Image-2.-Juni-2025-10_48_29.png);\"><\/div><div class=\"eael-timeline-post-excerpt\"><p>Stell dir vor: Eine Podiumsdiskussion l\u00e4uft, ein spannender Talk-Gast erz\u00e4hlt...mehr<\/p><\/div><div class=\"eael-timeline-post-title\">\n                    <h2 class=\"eael-timeline-post-title-text\">Wie Lightmap dein Event mit Live-Untertiteln inklusiver macht<\/h2>\n                <\/div><\/a>\n    <\/div>\n<\/article><article class=\"eael-timeline-post eael-timeline-column\">\n    <div class=\"eael-timeline-bullet\"><\/div>\n    <div class=\"eael-timeline-post-inner\">\n        <a class=\"eael-timeline-post-link\" href=\"https:\/\/lightmap.one\/de\/2025\/05\/04\/elementor-25020\/\" title=\"Wie Lightmap mit deinem Lichtpult spricht \u2013 DMX, Art-Net &amp; Co. einfach erkl\u00e4rt\">\n            <time datetime=\"4. Mai 2025\">4. Mai 2025<\/time>\n            <div class=\"eael-timeline-post-image  attachment-medium_large size-medium_large\" style=\"background-image: url(https:\/\/lightmap.one\/wp-content\/uploads\/2020\/10\/pexels-caleb-oquendo-4889278-768x432.jpg);\"><\/div><div class=\"eael-timeline-post-excerpt\"><p>Video und Licht zusammen steuern? Kein Problem \u2013 wenn dein...mehr<\/p><\/div><div class=\"eael-timeline-post-title\">\n                    <h2 class=\"eael-timeline-post-title-text\">Wie Lightmap mit deinem Lichtpult spricht \u2013 DMX, Art-Net &amp; Co. einfach erkl\u00e4rt<\/h2>\n                <\/div><\/a>\n    <\/div>\n<\/article><article class=\"eael-timeline-post eael-timeline-column\">\n    <div class=\"eael-timeline-bullet\"><\/div>\n    <div class=\"eael-timeline-post-inner\">\n        <a class=\"eael-timeline-post-link\" href=\"https:\/\/lightmap.one\/de\/2025\/04\/17\/was-ist-ein-medienserver-und-braucht-mein-theater-einen\/\" title=\"Was ist ein Medienserver \u2013 und braucht mein Theater einen?\">\n            <time datetime=\"17. April 2025\">17. April 2025<\/time>\n            <div class=\"eael-timeline-post-image  attachment-medium_large size-medium_large\" style=\"background-image: url(https:\/\/lightmap.one\/wp-content\/uploads\/2020\/10\/kristina-paparo-muUIEIYhli8-unsplash-1-768x431.jpg);\"><\/div><div class=\"eael-timeline-post-excerpt\"><p>Medienserver sind in der Veranstaltungstechnik l\u00e4ngst mehr als nur ein...mehr<\/p><\/div><div class=\"eael-timeline-post-title\">\n                    <h2 class=\"eael-timeline-post-title-text\">Was ist ein Medienserver \u2013 und braucht mein Theater einen?<\/h2>\n                <\/div><\/a>\n    <\/div>\n<\/article><\/div>\n\t\t<\/div>\t\t\t\t<\/div>\n\t\t\t\t<\/div>\n\t\t\t\t\t<\/div>\n\t\t<\/div>\n\t\t\t\t\t<\/div>\n\t\t<\/section>\n\t\t\t\t<\/div>\n\t\t","protected":false},"excerpt":{"rendered":"<p>4. Juli 2025 In der digitalen Welt von heute w\u00e4chst auch in Kirchen&#8230;mehr Wie LightMap deine Kirche mit Bibelvers-Anzeige und Livetranskription unterst\u00fctzt 9. Juni 2025 Events sind hektisch. Technik l\u00e4uft nicht immer wie geplant. Und&#8230;mehr Volle Kontrolle von \u00fcberall: Wie Lightmap dich mit Remote Control bei deiner Veranstaltung unterst\u00fctzt 2. Juni 2025 Stell dir vor: &hellip;<\/p>\n<p class=\"read-more\"> <a class=\"\" href=\"https:\/\/lightmap.one\/de\/2025\/04\/17\/was-ist-ein-medienserver-und-braucht-mein-theater-einen\/\"> <span class=\"screen-reader-text\">Was ist ein Medienserver \u2013 und braucht mein Theater einen?<\/span> Weiterlesen &raquo;<\/a><\/p>\n","protected":false},"author":1,"featured_media":0,"parent":0,"menu_order":0,"comment_status":"closed","ping_status":"closed","template":"","meta":{"_eb_attr":"","site-sidebar-layout":"no-sidebar","site-content-layout":"","ast-site-content-layout":"full-width-container","site-content-style":"default","site-sidebar-style":"default","ast-global-header-display":"","ast-banner-title-visibility":"","ast-main-header-display":"","ast-hfb-above-header-display":"","ast-hfb-below-header-display":"","ast-hfb-mobile-header-display":"","site-post-title":"disabled","ast-breadcrumbs-content":"","ast-featured-img":"disabled","footer-sml-layout":"","theme-transparent-header-meta":"","adv-header-id-meta":"","stick-header-meta":"","header-above-stick-meta":"","header-main-stick-meta":"","header-below-stick-meta":"","astra-migrate-meta-layouts":"","footnotes":""},"class_list":["post-1542","page","type-page","status-publish","hentry"],"yoast_head":"<!-- This site is optimized with the Yoast SEO plugin v25.8 - https:\/\/yoast.com\/wordpress\/plugins\/seo\/ -->\n<title>Blog - LightMap<\/title>\n<meta name=\"robots\" content=\"index, follow, max-snippet:-1, max-image-preview:large, max-video-preview:-1\" \/>\n<link rel=\"canonical\" href=\"https:\/\/lightmap.one\/de\/blog\/\" \/>\n<meta property=\"og:locale\" content=\"de_DE\" \/>\n<meta property=\"og:type\" content=\"article\" \/>\n<meta property=\"og:title\" content=\"Blog - LightMap\" \/>\n<meta property=\"og:description\" content=\"4. Juli 2025 In der digitalen Welt von heute w\u00e4chst auch in Kirchen&#8230;mehr Wie LightMap deine Kirche mit Bibelvers-Anzeige und Livetranskription unterst\u00fctzt 9. Juni 2025 Events sind hektisch. Technik l\u00e4uft nicht immer wie geplant. Und&#8230;mehr Volle Kontrolle von \u00fcberall: Wie Lightmap dich mit Remote Control bei deiner Veranstaltung unterst\u00fctzt 2. Juni 2025 Stell dir vor: &hellip; Was ist ein Medienserver \u2013 und braucht mein Theater einen? Weiterlesen &raquo;\" \/>\n<meta property=\"og:url\" content=\"https:\/\/lightmap.one\/de\/blog\/\" \/>\n<meta property=\"og:site_name\" content=\"LightMap\" \/>\n<meta property=\"article:modified_time\" content=\"2025-07-04T15:30:55+00:00\" \/>\n<meta name=\"twitter:card\" content=\"summary_large_image\" \/>\n<meta name=\"twitter:label1\" content=\"Gesch\u00e4tzte Lesezeit\" \/>\n\t<meta name=\"twitter:data1\" content=\"1\u00a0Minute\" \/>\n<script type=\"application\/ld+json\" class=\"yoast-schema-graph\">{\"@context\":\"https:\/\/schema.org\",\"@graph\":[{\"@type\":\"WebPage\",\"@id\":\"https:\/\/lightmap.one\/blog\/\",\"url\":\"https:\/\/lightmap.one\/blog\/\",\"name\":\"Blog - LightMap\",\"isPartOf\":{\"@id\":\"https:\/\/lightmap.one\/de\/#website\"},\"datePublished\":\"2025-05-03T16:10:08+00:00\",\"dateModified\":\"2025-07-04T15:30:55+00:00\",\"breadcrumb\":{\"@id\":\"https:\/\/lightmap.one\/blog\/#breadcrumb\"},\"inLanguage\":\"de\",\"potentialAction\":[{\"@type\":\"ReadAction\",\"target\":[\"https:\/\/lightmap.one\/blog\/\"]}]},{\"@type\":\"BreadcrumbList\",\"@id\":\"https:\/\/lightmap.one\/blog\/#breadcrumb\",\"itemListElement\":[{\"@type\":\"ListItem\",\"position\":1,\"name\":\"Home\",\"item\":\"https:\/\/lightmap.one\/de\/\"},{\"@type\":\"ListItem\",\"position\":2,\"name\":\"Blog\"}]},{\"@type\":\"WebSite\",\"@id\":\"https:\/\/lightmap.one\/de\/#website\",\"url\":\"https:\/\/lightmap.one\/de\/\",\"name\":\"LightMap\",\"description\":\"by media &amp; studio systems\",\"publisher\":{\"@id\":\"https:\/\/lightmap.one\/de\/#organization\"},\"potentialAction\":[{\"@type\":\"SearchAction\",\"target\":{\"@type\":\"EntryPoint\",\"urlTemplate\":\"https:\/\/lightmap.one\/de\/?s={search_term_string}\"},\"query-input\":{\"@type\":\"PropertyValueSpecification\",\"valueRequired\":true,\"valueName\":\"search_term_string\"}}],\"inLanguage\":\"de\"},{\"@type\":\"Organization\",\"@id\":\"https:\/\/lightmap.one\/de\/#organization\",\"name\":\"Jan H\u00f6lscher - Media & Studio Systems\",\"url\":\"https:\/\/lightmap.one\/de\/\",\"logo\":{\"@type\":\"ImageObject\",\"inLanguage\":\"de\",\"@id\":\"https:\/\/lightmap.one\/de\/#\/schema\/logo\/image\/\",\"url\":\"https:\/\/lightmap.one\/wp-content\/uploads\/2021\/07\/cropped-IMG_2343.jpeg\",\"contentUrl\":\"https:\/\/lightmap.one\/wp-content\/uploads\/2021\/07\/cropped-IMG_2343.jpeg\",\"width\":517,\"height\":345,\"caption\":\"Jan H\u00f6lscher - Media & Studio Systems\"},\"image\":{\"@id\":\"https:\/\/lightmap.one\/de\/#\/schema\/logo\/image\/\"}}]}<\/script>\n<!-- \/ Yoast SEO plugin. -->","yoast_head_json":{"title":"Blog - LightMap","robots":{"index":"index","follow":"follow","max-snippet":"max-snippet:-1","max-image-preview":"max-image-preview:large","max-video-preview":"max-video-preview:-1"},"canonical":"https:\/\/lightmap.one\/de\/blog\/","og_locale":"de_DE","og_type":"article","og_title":"Blog - LightMap","og_description":"4. Juli 2025 In der digitalen Welt von heute w\u00e4chst auch in Kirchen&#8230;mehr Wie LightMap deine Kirche mit Bibelvers-Anzeige und Livetranskription unterst\u00fctzt 9. Juni 2025 Events sind hektisch. Technik l\u00e4uft nicht immer wie geplant. Und&#8230;mehr Volle Kontrolle von \u00fcberall: Wie Lightmap dich mit Remote Control bei deiner Veranstaltung unterst\u00fctzt 2. Juni 2025 Stell dir vor: &hellip; Was ist ein Medienserver \u2013 und braucht mein Theater einen? Weiterlesen &raquo;","og_url":"https:\/\/lightmap.one\/de\/blog\/","og_site_name":"LightMap","article_modified_time":"2025-07-04T15:30:55+00:00","twitter_card":"summary_large_image","twitter_misc":{"Gesch\u00e4tzte Lesezeit":"1\u00a0Minute"},"schema":{"@context":"https:\/\/schema.org","@graph":[{"@type":"WebPage","@id":"https:\/\/lightmap.one\/blog\/","url":"https:\/\/lightmap.one\/blog\/","name":"Blog - LightMap","isPartOf":{"@id":"https:\/\/lightmap.one\/de\/#website"},"datePublished":"2025-05-03T16:10:08+00:00","dateModified":"2025-07-04T15:30:55+00:00","breadcrumb":{"@id":"https:\/\/lightmap.one\/blog\/#breadcrumb"},"inLanguage":"de","potentialAction":[{"@type":"ReadAction","target":["https:\/\/lightmap.one\/blog\/"]}]},{"@type":"BreadcrumbList","@id":"https:\/\/lightmap.one\/blog\/#breadcrumb","itemListElement":[{"@type":"ListItem","position":1,"name":"Home","item":"https:\/\/lightmap.one\/de\/"},{"@type":"ListItem","position":2,"name":"Blog"}]},{"@type":"WebSite","@id":"https:\/\/lightmap.one\/de\/#website","url":"https:\/\/lightmap.one\/de\/","name":"LightMap","description":"by media &amp; studio systems","publisher":{"@id":"https:\/\/lightmap.one\/de\/#organization"},"potentialAction":[{"@type":"SearchAction","target":{"@type":"EntryPoint","urlTemplate":"https:\/\/lightmap.one\/de\/?s={search_term_string}"},"query-input":{"@type":"PropertyValueSpecification","valueRequired":true,"valueName":"search_term_string"}}],"inLanguage":"de"},{"@type":"Organization","@id":"https:\/\/lightmap.one\/de\/#organization","name":"Jan H\u00f6lscher - Media & Studio Systems","url":"https:\/\/lightmap.one\/de\/","logo":{"@type":"ImageObject","inLanguage":"de","@id":"https:\/\/lightmap.one\/de\/#\/schema\/logo\/image\/","url":"https:\/\/lightmap.one\/wp-content\/uploads\/2021\/07\/cropped-IMG_2343.jpeg","contentUrl":"https:\/\/lightmap.one\/wp-content\/uploads\/2021\/07\/cropped-IMG_2343.jpeg","width":517,"height":345,"caption":"Jan H\u00f6lscher - Media & Studio Systems"},"image":{"@id":"https:\/\/lightmap.one\/de\/#\/schema\/logo\/image\/"}}]}},"jetpack_sharing_enabled":true,"_links":{"self":[{"href":"https:\/\/lightmap.one\/de\/wp-json\/wp\/v2\/pages\/1542","targetHints":{"allow":["GET"]}}],"collection":[{"href":"https:\/\/lightmap.one\/de\/wp-json\/wp\/v2\/pages"}],"about":[{"href":"https:\/\/lightmap.one\/de\/wp-json\/wp\/v2\/types\/page"}],"author":[{"embeddable":true,"href":"https:\/\/lightmap.one\/de\/wp-json\/wp\/v2\/users\/1"}],"replies":[{"embeddable":true,"href":"https:\/\/lightmap.one\/de\/wp-json\/wp\/v2\/comments?post=1542"}],"version-history":[{"count":11,"href":"https:\/\/lightmap.one\/de\/wp-json\/wp\/v2\/pages\/1542\/revisions"}],"predecessor-version":[{"id":25276,"href":"https:\/\/lightmap.one\/de\/wp-json\/wp\/v2\/pages\/1542\/revisions\/25276"}],"wp:attachment":[{"href":"https:\/\/lightmap.one\/de\/wp-json\/wp\/v2\/media?parent=1542"}],"curies":[{"name":"wp","href":"https:\/\/api.w.org\/{rel}","templated":true}]}}